{"id":627,"date":"2020-07-31T06:01:01","date_gmt":"2020-07-31T06:01:01","guid":{"rendered":"https:\/\/zakrademos.com\/one-page\/?page_id=627"},"modified":"2025-03-17T08:47:16","modified_gmt":"2025-03-17T07:47:16","slug":"home","status":"publish","type":"page","link":"https:\/\/lesycm.cz\/","title":{"rendered":"Home"},"content":{"rendered":"\t\t<div data-elementor-type=\"wp-post\" data-elementor-id=\"627\" class=\"elementor elementor-627\">\n\t\t\t\t\t\t\t\t\t<section class=\"elementor-section elementor-top-section elementor-element elementor-element-47c5f1e elementor-section-boxed elementor-section-height-default elementor-section-height-default\" data-id=\"47c5f1e\" data-element_type=\"section\" id=\"banner-section\" data-settings=\"{&quot;background_background&quot;:&quot;classic&quot;}\">\n\t\t\t\t\t\t<div class=\"elementor-container elementor-column-gap-default\">\n\t\t\t\t\t<div class=\"elementor-column elementor-col-100 elementor-top-column elementor-element elementor-element-3875184\" data-id=\"3875184\" data-element_type=\"column\">\n\t\t\t<div class=\"elementor-widget-wrap elementor-element-populated\">\n\t\t\t\t\t\t\t\t<div class=\"elementor-element elementor-element-95bfd20 elementor-widget__width-inherit elementor-widget elementor-widget-heading\" data-id=\"95bfd20\" data-element_type=\"widget\" data-widget_type=\"heading.default\">\n\t\t\t\t<div class=\"elementor-widget-container\">\n\t\t\t<style>\/*! elementor - v3.8.0 - 30-10-2022 *\/\n.elementor-heading-title{padding:0;margin:0;line-height:1}.elementor-widget-heading .elementor-heading-title[class*=elementor-size-]>a{color:inherit;font-size:inherit;line-height:inherit}.elementor-widget-heading .elementor-heading-title.elementor-size-small{font-size:15px}.elementor-widget-heading .elementor-heading-title.elementor-size-medium{font-size:19px}.elementor-widget-heading .elementor-heading-title.elementor-size-large{font-size:29px}.elementor-widget-heading .elementor-heading-title.elementor-size-xl{font-size:39px}.elementor-widget-heading .elementor-heading-title.elementor-size-xxl{font-size:59px}<\/style><h2 class=\"elementor-heading-title elementor-size-xl\">V\u00edtejte na str\u00e1nk\u00e1ch \nLesn\u00ed pozemky \u010cech a Moravy s.r.o.<\/h2>\t\t<\/div>\n\t\t\t\t<\/div>\n\t\t\t\t\t<\/div>\n\t\t<\/div>\n\t\t\t\t\t\t\t<\/div>\n\t\t<\/section>\n\t\t\t\t<section class=\"elementor-section elementor-top-section elementor-element elementor-element-5efdf3b elementor-section-boxed elementor-section-height-default elementor-section-height-default\" data-id=\"5efdf3b\" data-element_type=\"section\" id=\"about-section\">\n\t\t\t\t\t\t<div class=\"elementor-container elementor-column-gap-default\">\n\t\t\t\t\t<div class=\"elementor-column elementor-col-100 elementor-top-column elementor-element elementor-element-cdb5642\" data-id=\"cdb5642\" data-element_type=\"column\">\n\t\t\t<div class=\"elementor-widget-wrap elementor-element-populated\">\n\t\t\t\t\t\t\t\t<section class=\"elementor-section elementor-inner-section elementor-element elementor-element-d4ac7a8 elementor-section-boxed elementor-section-height-default elementor-section-height-default\" data-id=\"d4ac7a8\" data-element_type=\"section\">\n\t\t\t\t\t\t<div class=\"elementor-container elementor-column-gap-default\">\n\t\t\t\t\t<div class=\"elementor-column elementor-col-50 elementor-inner-column elementor-element elementor-element-a6534e5\" data-id=\"a6534e5\" data-element_type=\"column\">\n\t\t\t<div class=\"elementor-widget-wrap elementor-element-populated\">\n\t\t\t\t\t\t\t\t<div class=\"elementor-element elementor-element-e966469 elementor-hidden-mobile elementor-widget elementor-widget-image\" data-id=\"e966469\" data-element_type=\"widget\" data-widget_type=\"image.default\">\n\t\t\t\t<div class=\"elementor-widget-container\">\n\t\t\t<style>\/*! elementor - v3.8.0 - 30-10-2022 *\/\n.elementor-widget-image{text-align:center}.elementor-widget-image a{display:inline-block}.elementor-widget-image a img[src$=\".svg\"]{width:48px}.elementor-widget-image img{vertical-align:middle;display:inline-block}<\/style>\t\t\t\t\t\t\t\t\t\t\t\t<img decoding=\"async\" width=\"587\" height=\"533\" src=\"https:\/\/lesycm.cz\/wp-content\/uploads\/2022\/10\/about-new.png\" class=\"attachment-full size-full\" alt=\"\" loading=\"lazy\" srcset=\"https:\/\/lesycm.cz\/wp-content\/uploads\/2022\/10\/about-new.png 587w, https:\/\/lesycm.cz\/wp-content\/uploads\/2022\/10\/about-new-300x272.png 300w\" sizes=\"(max-width: 587px) 100vw, 587px\" \/>\t\t\t\t\t\t\t\t\t\t\t\t\t\t\t<\/div>\n\t\t\t\t<\/div>\n\t\t\t\t\t<\/div>\n\t\t<\/div>\n\t\t\t\t<div class=\"elementor-column elementor-col-50 elementor-inner-column elementor-element elementor-element-0669e2e\" data-id=\"0669e2e\" data-element_type=\"column\">\n\t\t\t<div class=\"elementor-widget-wrap elementor-element-populated\">\n\t\t\t\t\t\t\t\t<div class=\"elementor-element elementor-element-079ffa8 elementor-widget elementor-widget-heading\" data-id=\"079ffa8\" data-element_type=\"widget\" data-widget_type=\"heading.default\">\n\t\t\t\t<div class=\"elementor-widget-container\">\n\t\t\t<h2 class=\"elementor-heading-title elementor-size-default\">O n\u00e1s<\/h2>\t\t<\/div>\n\t\t\t\t<\/div>\n\t\t\t\t<div class=\"elementor-element elementor-element-433e6cd elementor-widget elementor-widget-heading\" data-id=\"433e6cd\" data-element_type=\"widget\" data-widget_type=\"heading.default\">\n\t\t\t\t<div class=\"elementor-widget-container\">\n\t\t\t<h4 class=\"elementor-heading-title elementor-size-default\">Zab\u00fdv\u00e1me se zprost\u0159edkov\u00e1n\u00edm prodeje a v\u00fdkupem lesn\u00edch pozemk\u016f, v\u010detn\u011b orn\u00e9 p\u016fdy, trval\u00e9ho tr\u00e1vn\u00edho porostu, vodn\u00ed a ostatn\u00ed plochy.<\/h4>\t\t<\/div>\n\t\t\t\t<\/div>\n\t\t\t\t<div class=\"elementor-element elementor-element-a7b9b50 elementor-widget elementor-widget-text-editor\" data-id=\"a7b9b50\" data-element_type=\"widget\" data-widget_type=\"text-editor.default\">\n\t\t\t\t<div class=\"elementor-widget-container\">\n\t\t\t<style>\/*! elementor - v3.8.0 - 30-10-2022 *\/\n.elementor-widget-text-editor.elementor-drop-cap-view-stacked .elementor-drop-cap{background-color:#818a91;color:#fff}.elementor-widget-text-editor.elementor-drop-cap-view-framed .elementor-drop-cap{color:#818a91;border:3px solid;background-color:transparent}.elementor-widget-text-editor:not(.elementor-drop-cap-view-default) .elementor-drop-cap{margin-top:8px}.elementor-widget-text-editor:not(.elementor-drop-cap-view-default) .elementor-drop-cap-letter{width:1em;height:1em}.elementor-widget-text-editor .elementor-drop-cap{float:left;text-align:center;line-height:1;font-size:50px}.elementor-widget-text-editor .elementor-drop-cap-letter{display:inline-block}<\/style>\t\t\t\t\t\t\t\t\t\t<\/div>\n\t\t\t\t<\/div>\n\t\t\t\t\t<\/div>\n\t\t<\/div>\n\t\t\t\t\t\t\t<\/div>\n\t\t<\/section>\n\t\t\t\t\t<\/div>\n\t\t<\/div>\n\t\t\t\t\t\t\t<\/div>\n\t\t<\/section>\n\t\t\t\t<section class=\"elementor-section elementor-top-section elementor-element elementor-element-bb47a08 elementor-section-boxed elementor-section-height-default elementor-section-height-default\" data-id=\"bb47a08\" data-element_type=\"section\" id=\"our-team-section\" data-settings=\"{&quot;background_background&quot;:&quot;classic&quot;}\">\n\t\t\t\t\t\t<div class=\"elementor-container elementor-column-gap-default\">\n\t\t\t\t\t<div class=\"elementor-column elementor-col-100 elementor-top-column elementor-element elementor-element-39bc9b8\" data-id=\"39bc9b8\" data-element_type=\"column\">\n\t\t\t<div class=\"elementor-widget-wrap elementor-element-populated\">\n\t\t\t\t\t\t\t\t<section class=\"elementor-section elementor-inner-section elementor-element elementor-element-93512e4 elementor-section-full_width elementor-section-height-default elementor-section-height-default\" data-id=\"93512e4\" data-element_type=\"section\" data-settings=\"{&quot;background_background&quot;:&quot;classic&quot;}\">\n\t\t\t\t\t\t<div class=\"elementor-container elementor-column-gap-default\">\n\t\t\t\t\t<div class=\"elementor-column elementor-col-33 elementor-inner-column elementor-element elementor-element-ec07601\" data-id=\"ec07601\" data-element_type=\"column\">\n\t\t\t<div class=\"elementor-widget-wrap elementor-element-populated\">\n\t\t\t\t\t\t\t\t<div class=\"elementor-element elementor-element-91d543e elementor-widget elementor-widget-heading\" data-id=\"91d543e\" data-element_type=\"widget\" data-widget_type=\"heading.default\">\n\t\t\t\t<div class=\"elementor-widget-container\">\n\t\t\t<h2 class=\"elementor-heading-title elementor-size-default\">N\u00e1\u0161 t\u00fdm<\/h2>\t\t<\/div>\n\t\t\t\t<\/div>\n\t\t\t\t\t<\/div>\n\t\t<\/div>\n\t\t\t\t<div class=\"elementor-column elementor-col-33 elementor-inner-column elementor-element elementor-element-65a18e5\" data-id=\"65a18e5\" data-element_type=\"column\">\n\t\t\t<div class=\"elementor-widget-wrap elementor-element-populated\">\n\t\t\t\t\t\t\t\t<div class=\"elementor-element elementor-element-0756fab elementor-position-top elementor-vertical-align-top elementor-widget elementor-widget-image-box\" data-id=\"0756fab\" data-element_type=\"widget\" data-widget_type=\"image-box.default\">\n\t\t\t\t<div class=\"elementor-widget-container\">\n\t\t\t<style>\/*! elementor - v3.8.0 - 30-10-2022 *\/\n.elementor-widget-image-box .elementor-image-box-content{width:100%}@media (min-width:768px){.elementor-widget-image-box.elementor-position-left .elementor-image-box-wrapper,.elementor-widget-image-box.elementor-position-right .elementor-image-box-wrapper{display:-webkit-box;display:-ms-flexbox;display:flex}.elementor-widget-image-box.elementor-position-right .elementor-image-box-wrapper{text-align:right;-webkit-box-orient:horizontal;-webkit-box-direction:reverse;-ms-flex-direction:row-reverse;flex-direction:row-reverse}.elementor-widget-image-box.elementor-position-left .elementor-image-box-wrapper{text-align:left;-webkit-box-orient:horizontal;-webkit-box-direction:normal;-ms-flex-direction:row;flex-direction:row}.elementor-widget-image-box.elementor-position-top .elementor-image-box-img{margin:auto}.elementor-widget-image-box.elementor-vertical-align-top .elementor-image-box-wrapper{-webkit-box-align:start;-ms-flex-align:start;align-items:flex-start}.elementor-widget-image-box.elementor-vertical-align-middle .elementor-image-box-wrapper{-webkit-box-align:center;-ms-flex-align:center;align-items:center}.elementor-widget-image-box.elementor-vertical-align-bottom .elementor-image-box-wrapper{-webkit-box-align:end;-ms-flex-align:end;align-items:flex-end}}@media (max-width:767px){.elementor-widget-image-box .elementor-image-box-img{margin-left:auto!important;margin-right:auto!important;margin-bottom:15px}}.elementor-widget-image-box .elementor-image-box-img{display:inline-block}.elementor-widget-image-box .elementor-image-box-title a{color:inherit}.elementor-widget-image-box .elementor-image-box-wrapper{text-align:center}.elementor-widget-image-box .elementor-image-box-description{margin:0}<\/style><div class=\"elementor-image-box-wrapper\"><div class=\"elementor-image-box-content\"><h3 class=\"elementor-image-box-title\">Jan T\u00e1borsk\u00fd<\/h3><p class=\"elementor-image-box-description\"><b>Jednatel <\/b><br\/>\n\ntel: 721 047 377<br\/>\n\ninfo@lesycm.cz <br\/>\n<\/p><\/div><\/div>\t\t<\/div>\n\t\t\t\t<\/div>\n\t\t\t\t\t<\/div>\n\t\t<\/div>\n\t\t\t\t<div class=\"elementor-column elementor-col-33 elementor-inner-column elementor-element elementor-element-42e074c\" data-id=\"42e074c\" data-element_type=\"column\">\n\t\t\t<div class=\"elementor-widget-wrap elementor-element-populated\">\n\t\t\t\t\t\t\t\t<div class=\"elementor-element elementor-element-c9af4a4 elementor-position-top elementor-vertical-align-top elementor-widget elementor-widget-image-box\" data-id=\"c9af4a4\" data-element_type=\"widget\" data-widget_type=\"image-box.default\">\n\t\t\t\t<div class=\"elementor-widget-container\">\n\t\t\t<div class=\"elementor-image-box-wrapper\"><div class=\"elementor-image-box-content\"><h3 class=\"elementor-image-box-title\">Lenka Jan\u00e1skov\u00e1<\/h3><p class=\"elementor-image-box-description\">\n<b>Administrativa<\/b><\/br>\ntel: 702 007 767<\/br>\ninfo@lesycm.cz<\/p><\/div><\/div>\t\t<\/div>\n\t\t\t\t<\/div>\n\t\t\t\t\t<\/div>\n\t\t<\/div>\n\t\t\t\t\t\t\t<\/div>\n\t\t<\/section>\n\t\t\t\t\t<\/div>\n\t\t<\/div>\n\t\t\t\t\t\t\t<\/div>\n\t\t<\/section>\n\t\t\t\t<section class=\"elementor-section elementor-top-section elementor-element elementor-element-59560af elementor-section-boxed elementor-section-height-default elementor-section-height-default\" data-id=\"59560af\" data-element_type=\"section\" id=\"services-section\" data-settings=\"{&quot;background_background&quot;:&quot;classic&quot;}\">\n\t\t\t\t\t\t<div class=\"elementor-container elementor-column-gap-default\">\n\t\t\t\t\t<div class=\"elementor-column elementor-col-100 elementor-top-column elementor-element elementor-element-99c75a3\" data-id=\"99c75a3\" data-element_type=\"column\">\n\t\t\t<div class=\"elementor-widget-wrap elementor-element-populated\">\n\t\t\t\t\t\t\t\t<section class=\"elementor-section elementor-inner-section elementor-element elementor-element-be9bee9 elementor-section-boxed elementor-section-height-default elementor-section-height-default\" data-id=\"be9bee9\" data-element_type=\"section\">\n\t\t\t\t\t\t<div class=\"elementor-container elementor-column-gap-default\">\n\t\t\t\t\t<div class=\"elementor-column elementor-col-33 elementor-inner-column elementor-element elementor-element-1935413\" data-id=\"1935413\" data-element_type=\"column\">\n\t\t\t<div class=\"elementor-widget-wrap elementor-element-populated\">\n\t\t\t\t\t\t\t\t<div class=\"elementor-element elementor-element-cd62eed elementor-widget elementor-widget-heading\" data-id=\"cd62eed\" data-element_type=\"widget\" data-widget_type=\"heading.default\">\n\t\t\t\t<div class=\"elementor-widget-container\">\n\t\t\t<h2 class=\"elementor-heading-title elementor-size-default\">Na\u0161e slu\u017eby<\/h2>\t\t<\/div>\n\t\t\t\t<\/div>\n\t\t\t\t\t<\/div>\n\t\t<\/div>\n\t\t\t\t<div class=\"elementor-column elementor-col-66 elementor-inner-column elementor-element elementor-element-1d0aaad\" data-id=\"1d0aaad\" data-element_type=\"column\">\n\t\t\t<div class=\"elementor-widget-wrap elementor-element-populated\">\n\t\t\t\t\t\t\t\t<div class=\"elementor-element elementor-element-20ab20f elementor-position-left elementor-vertical-align-top elementor-widget elementor-widget-image-box\" data-id=\"20ab20f\" data-element_type=\"widget\" data-widget_type=\"image-box.default\">\n\t\t\t\t<div class=\"elementor-widget-container\">\n\t\t\t<div class=\"elementor-image-box-wrapper\"><figure class=\"elementor-image-box-img\"><img decoding=\"async\" width=\"80\" height=\"80\" src=\"https:\/\/lesycm.cz\/wp-content\/uploads\/2022\/10\/social-marketing_.png\" class=\"attachment-full size-full\" alt=\"\" loading=\"lazy\" \/><\/figure><div class=\"elementor-image-box-content\"><h3 class=\"elementor-image-box-title\">VYKUPUJEME<\/h3><p class=\"elementor-image-box-description\">ORN\u00c9 P\u016eDY, TRVAL\u00c9 TRAVN\u00cd POROSTY, LESN\u00cd POZEMKY,VODN\u00cd PLOCHY, NEPLODN\u00c9 P\u016eDY<\/p><\/div><\/div>\t\t<\/div>\n\t\t\t\t<\/div>\n\t\t\t\t<div class=\"elementor-element elementor-element-d4db434 elementor-position-left elementor-vertical-align-top elementor-widget elementor-widget-image-box\" data-id=\"d4db434\" data-element_type=\"widget\" data-widget_type=\"image-box.default\">\n\t\t\t\t<div class=\"elementor-widget-container\">\n\t\t\t<div class=\"elementor-image-box-wrapper\"><figure class=\"elementor-image-box-img\"><img decoding=\"async\" width=\"80\" height=\"80\" src=\"https:\/\/lesycm.cz\/wp-content\/uploads\/2022\/10\/UI_.png\" class=\"attachment-full size-full\" alt=\"\" loading=\"lazy\" \/><\/figure><div class=\"elementor-image-box-content\"><h3 class=\"elementor-image-box-title\">ODKUPUJEME <\/h3><p class=\"elementor-image-box-description\">D\u0158EVO NASTOJATO<\/p><\/div><\/div>\t\t<\/div>\n\t\t\t\t<\/div>\n\t\t\t\t\t<\/div>\n\t\t<\/div>\n\t\t\t\t\t\t\t<\/div>\n\t\t<\/section>\n\t\t\t\t\t<\/div>\n\t\t<\/div>\n\t\t\t\t\t\t\t<\/div>\n\t\t<\/section>\n\t\t\t\t<section class=\"elementor-section elementor-top-section elementor-element elementor-element-27ba971 elementor-section-boxed elementor-section-height-default elementor-section-height-default\" data-id=\"27ba971\" data-element_type=\"section\" id=\"portfolio-section\" data-settings=\"{&quot;background_background&quot;:&quot;classic&quot;}\">\n\t\t\t\t\t\t<div class=\"elementor-container elementor-column-gap-default\">\n\t\t\t\t\t<div class=\"elementor-column elementor-col-100 elementor-top-column elementor-element elementor-element-f0e0606\" data-id=\"f0e0606\" data-element_type=\"column\">\n\t\t\t<div class=\"elementor-widget-wrap elementor-element-populated\">\n\t\t\t\t\t\t\t\t<section class=\"elementor-section elementor-inner-section elementor-element elementor-element-dc11cbb elementor-section-boxed elementor-section-height-default elementor-section-height-default\" data-id=\"dc11cbb\" data-element_type=\"section\">\n\t\t\t\t\t\t<div class=\"elementor-container elementor-column-gap-default\">\n\t\t\t\t\t<div class=\"elementor-column elementor-col-33 elementor-inner-column elementor-element elementor-element-841e0b7\" data-id=\"841e0b7\" data-element_type=\"column\">\n\t\t\t<div class=\"elementor-widget-wrap elementor-element-populated\">\n\t\t\t\t\t\t\t\t<div class=\"elementor-element elementor-element-0ffb508 elementor-widget elementor-widget-heading\" data-id=\"0ffb508\" data-element_type=\"widget\" data-widget_type=\"heading.default\">\n\t\t\t\t<div class=\"elementor-widget-container\">\n\t\t\t<h2 class=\"elementor-heading-title elementor-size-default\">Prodej lesa<\/h2>\t\t<\/div>\n\t\t\t\t<\/div>\n\t\t\t\t\t<\/div>\n\t\t<\/div>\n\t\t\t\t<div class=\"elementor-column elementor-col-66 elementor-inner-column elementor-element elementor-element-6179366\" data-id=\"6179366\" data-element_type=\"column\">\n\t\t\t<div class=\"elementor-widget-wrap elementor-element-populated\">\n\t\t\t\t\t\t\t\t<div class=\"elementor-element elementor-element-7f44c3b elementor-widget elementor-widget-text-editor\" data-id=\"7f44c3b\" data-element_type=\"widget\" data-widget_type=\"text-editor.default\">\n\t\t\t\t<div class=\"elementor-widget-container\">\n\t\t\t\t\t\t\t<h4><strong>Vlastn\u00edte lesn\u00ed pozemek, ornou p\u016fdu, ostatn\u00ed plochu, trval\u00fd tr\u00e1vn\u00ed porost a chcete zn\u00e1t jeho cenu?<\/strong><\/h4><p>Pro nez\u00e1vaznou cenovou nab\u00eddku n\u00e1s m\u016f\u017eete kontaktovat na n\u00ed\u017ee uveden\u00e9m tel. \u010d\u00edsle nebo emailov\u00e9 adrese. Pot\u0159ebujeme zn\u00e1t n\u00e1zev katastr\u00e1ln\u00edho \u00fazem\u00ed, \u010d\u00edslo listu vlastnictv\u00ed nebo parceln\u00ed \u010d\u00edsla. V\u0161e ostatn\u00ed jsme schopni zajistit sami.<\/p><p>Ka\u017ed\u00e1 cenov\u00e1 nab\u00eddka je individu\u00e1ln\u00ed a sestavuje se na m\u00edru konkr\u00e9tn\u00edmu lesn\u00edmu porostu. Lesn\u00ed pozemky nace\u0148ujeme dle lesn\u00edch hospod\u00e1\u0159sk\u00fdch osnov a n\u00e1sledn\u011b pak podle re\u00e1ln\u00e9ho stavu lesa: zastoupen\u00ed d\u0159evin, hmotnatosti kmene, st\u00e1\u0159\u00ed lesa, p\u0159\u00edstup k pozemku, tvaru pozemku, rozlohy lesa, lokality apod.<\/p><p>Pokud V\u00e1s na\u0161e cenov\u00e1 nab\u00eddka zaujme, provede n\u00e1\u0161 lesn\u00ed hospod\u00e1\u0159 fyzickou prohl\u00eddku lesa a stanov\u00edme pevnou cenu. V p\u0159\u00edpad\u011b oboustrann\u00e9 dohody, p\u0159iprav\u00edme kupn\u00ed smlouvy, kter\u00e9 V\u00e1m r\u00e1di p\u0159ed\u00e1me k nahl\u00e9dnut\u00ed a po jejich odsouhlasen\u00ed za\u0161leme spolu s n\u00e1vrhem na vklad na Va\u0161i adresu. Vy jen podep\u00ed\u0161ete a za\u0161lete zp\u011bt k n\u00e1m a n\u00e1sledn\u011b uhrad\u00edme dohodnutou kupn\u00ed cenu. Pak u\u017e jen vlo\u017e\u00edme kupn\u00ed smlouvu s n\u00e1vrhem na vklad do katastr\u016f nemovitost\u00ed a pozemek bude p\u0159eveden do na\u0161eho vlastnictv\u00ed. Ve\u0161ker\u00e9 n\u00e1klady spojen\u00e9 s prodejem hrad\u00ed na\u0161e firma.<\/p>\t\t\t\t\t\t<\/div>\n\t\t\t\t<\/div>\n\t\t\t\t\t<\/div>\n\t\t<\/div>\n\t\t\t\t\t\t\t<\/div>\n\t\t<\/section>\n\t\t\t\t\t<\/div>\n\t\t<\/div>\n\t\t\t\t\t\t\t<\/div>\n\t\t<\/section>\n\t\t\t\t<section class=\"elementor-section elementor-top-section elementor-element elementor-element-21ebe1b elementor-section-boxed elementor-section-height-default elementor-section-height-default\" data-id=\"21ebe1b\" data-element_type=\"section\" id=\"contact-section\" data-settings=\"{&quot;background_background&quot;:&quot;classic&quot;}\">\n\t\t\t\t\t\t<div class=\"elementor-container elementor-column-gap-default\">\n\t\t\t\t\t<div class=\"elementor-column elementor-col-100 elementor-top-column elementor-element elementor-element-a3c83e5\" data-id=\"a3c83e5\" data-element_type=\"column\">\n\t\t\t<div class=\"elementor-widget-wrap elementor-element-populated\">\n\t\t\t\t\t\t\t\t<section class=\"elementor-section elementor-inner-section elementor-element elementor-element-2309cdc elementor-section-boxed elementor-section-height-default elementor-section-height-default\" data-id=\"2309cdc\" data-element_type=\"section\">\n\t\t\t\t\t\t<div class=\"elementor-container elementor-column-gap-default\">\n\t\t\t\t\t<div class=\"elementor-column elementor-col-50 elementor-inner-column elementor-element elementor-element-5e0a55c\" data-id=\"5e0a55c\" data-element_type=\"column\">\n\t\t\t<div class=\"elementor-widget-wrap elementor-element-populated\">\n\t\t\t\t\t\t\t\t<div class=\"elementor-element elementor-element-d132c42 elementor-widget elementor-widget-google_maps\" data-id=\"d132c42\" data-element_type=\"widget\" data-widget_type=\"google_maps.default\">\n\t\t\t\t<div class=\"elementor-widget-container\">\n\t\t\t<style>\/*! elementor - v3.8.0 - 30-10-2022 *\/\n.elementor-widget-google_maps .elementor-widget-container{overflow:hidden}.elementor-widget-google_maps iframe{height:300px}<\/style>\t\t<div class=\"elementor-custom-embed\">\n\t\t\t<iframe frameborder=\"0\" scrolling=\"no\" marginheight=\"0\" marginwidth=\"0\"\n\t\t\t\t\tsrc=\"https:\/\/maps.google.com\/maps?q=Kaprov%C3%A1%2042%2F12&#038;t=m&#038;z=10&#038;output=embed&#038;iwloc=near\"\n\t\t\t\t\ttitle=\"Kaprov\u00e1 42\/12\"\n\t\t\t\t\taria-label=\"Kaprov\u00e1 42\/12\"\n\t\t\t><\/iframe>\n\t\t<\/div>\n\t\t\t\t<\/div>\n\t\t\t\t<\/div>\n\t\t\t\t\t<\/div>\n\t\t<\/div>\n\t\t\t\t<div class=\"elementor-column elementor-col-50 elementor-inner-column elementor-element elementor-element-b658df9\" data-id=\"b658df9\" data-element_type=\"column\">\n\t\t\t<div class=\"elementor-widget-wrap elementor-element-populated\">\n\t\t\t\t\t\t\t\t<div class=\"elementor-element elementor-element-30bbfa5 elementor-widget elementor-widget-heading\" data-id=\"30bbfa5\" data-element_type=\"widget\" data-widget_type=\"heading.default\">\n\t\t\t\t<div class=\"elementor-widget-container\">\n\t\t\t<h2 class=\"elementor-heading-title elementor-size-default\">Kontakt<\/h2>\t\t<\/div>\n\t\t\t\t<\/div>\n\t\t\t\t<div class=\"elementor-element elementor-element-6e90543 elementor-widget elementor-widget-text-editor\" data-id=\"6e90543\" data-element_type=\"widget\" data-widget_type=\"text-editor.default\">\n\t\t\t\t<div class=\"elementor-widget-container\">\n\t\t\t\t\t\t\t<p><strong>S\u00eddlo<\/strong><\/p>\n<p>Lesn\u00ed pozemky \u010cech a Moravy s.r.o.<br>Kaprova 42\/14, Star\u00e9 M\u011bsto<br>110 00 Praha 1<br>I\u010c:143 92&nbsp;003<\/p>\n<p>Telefon:<br>702&nbsp;007&nbsp;767<\/p>\n<p><strong>Pobo\u010dka<\/strong><\/p>\n<p>Hranice VII \u2013 Slav\u00ed\u010d 122, 753 61 Hranice<\/p>\t\t\t\t\t\t<\/div>\n\t\t\t\t<\/div>\n\t\t\t\t\t<\/div>\n\t\t<\/div>\n\t\t\t\t\t\t\t<\/div>\n\t\t<\/section>\n\t\t\t\t\t<\/div>\n\t\t<\/div>\n\t\t\t\t\t\t\t<\/div>\n\t\t<\/section>\n\t\t\t\t\t\t\t<\/div>\n\t\t","protected":false},"excerpt":{"rendered":"<p>V\u00edtejte na str\u00e1nk\u00e1ch Lesn\u00ed pozemky \u010cech a Moravy s.r.o. O n\u00e1s Zab\u00fdv\u00e1me se zprost\u0159edkov\u00e1n\u00edm prodeje a v\u00fdkupem lesn\u00edch pozemk\u016f, v\u010detn\u011b orn\u00e9 p\u016fdy, trval\u00e9ho tr\u00e1vn\u00edho porostu, vodn\u00ed a ostatn\u00ed plochy. N\u00e1\u0161 t\u00fdm Jan T\u00e1borsk\u00fd Jednatel tel: 721 047 377 info@lesycm.cz Lenka Jan\u00e1skov\u00e1 Administrativa tel: 702 007 767 info@lesycm.cz Na\u0161e slu\u017eby VYKUPUJEME ORN\u00c9 P\u016eDY, TRVAL\u00c9 TRAVN\u00cd POROSTY, [&hellip;]<\/p>\n","protected":false},"author":1,"featured_media":0,"parent":0,"menu_order":0,"comment_status":"closed","ping_status":"closed","template":"page-templates\/pagebuilder.php","meta":[],"_links":{"self":[{"href":"https:\/\/lesycm.cz\/index.php?rest_route=\/wp\/v2\/pages\/627"}],"collection":[{"href":"https:\/\/lesycm.cz\/index.php?rest_route=\/wp\/v2\/pages"}],"about":[{"href":"https:\/\/lesycm.cz\/index.php?rest_route=\/wp\/v2\/types\/page"}],"author":[{"embeddable":true,"href":"https:\/\/lesycm.cz\/index.php?rest_route=\/wp\/v2\/users\/1"}],"replies":[{"embeddable":true,"href":"https:\/\/lesycm.cz\/index.php?rest_route=%2Fwp%2Fv2%2Fcomments&post=627"}],"version-history":[{"count":363,"href":"https:\/\/lesycm.cz\/index.php?rest_route=\/wp\/v2\/pages\/627\/revisions"}],"predecessor-version":[{"id":1080,"href":"https:\/\/lesycm.cz\/index.php?rest_route=\/wp\/v2\/pages\/627\/revisions\/1080"}],"wp:attachment":[{"href":"https:\/\/lesycm.cz\/index.php?rest_route=%2Fwp%2Fv2%2Fmedia&parent=627"}],"curies":[{"name":"wp","href":"https:\/\/api.w.org\/{rel}","templated":true}]}}